{"id":2097,"date":"2024-10-17T17:47:00","date_gmt":"2024-10-17T17:47:00","guid":{"rendered":"http:\/\/www.yolder.org.tr\/?page_id=2097"},"modified":"2025-05-30T22:06:25","modified_gmt":"2025-05-30T22:06:25","slug":"yonetim-kurulu","status":"publish","type":"page","link":"http:\/\/www.yolder.org.tr\/?page_id=2097","title":{"rendered":"Y\u00f6netim Kurulumuz"},"content":{"rendered":"\n<figure class=\"wp-block-gallery has-nested-images columns-default is-cropped wp-block-gallery-1 is-layout-flex wp-block-gallery-is-layout-flex\"><\/figure>\n\n\n\n<div class=\"wp-block-group alignwide\"><div class=\"wp-block-group__inner-container is-layout-constrained wp-block-group-is-layout-constrained\"><div class=\"wp-block-image is-style-rounded\">\n<figure class=\"alignleft\"><img loading=\"lazy\" decoding=\"async\" width=\"300\" height=\"180\" src=\"http:\/\/www.yolder.org.tr\/wp-content\/uploads\/2021\/10\/002-BASKAN-1-300x180.jpg\" alt=\"\" class=\"wp-image-3410\" srcset=\"http:\/\/www.yolder.org.tr\/wp-content\/uploads\/2021\/10\/002-BASKAN-1-300x180.jpg 300w, http:\/\/www.yolder.org.tr\/wp-content\/uploads\/2021\/10\/002-BASKAN-1-1024x614.jpg 1024w, http:\/\/www.yolder.org.tr\/wp-content\/uploads\/2021\/10\/002-BASKAN-1-768x461.jpg 768w, http:\/\/www.yolder.org.tr\/wp-content\/uploads\/2021\/10\/002-BASKAN-1-1536x922.jpg 1536w, http:\/\/www.yolder.org.tr\/wp-content\/uploads\/2021\/10\/002-BASKAN-1-2048x1229.jpg 2048w\" sizes=\"auto, (max-width: 300px) 100vw, 300px\" \/><\/figure>\n<\/div>\n\n\n<p class=\"wp-caption-dd\"><\/p>\n\n\n\n<p class=\"has-text-align-left\"><strong><span style=\"color: #404040; text-transform: none; text-indent: 0px; letter-spacing: normal; font-family: 'Open Sans', Tahoma, Arial; font-size: 17px; font-style: normal; word-spacing: 0px; float: none; display: inline !important; white-space: normal; orphans: 2; widows: 2; background-color: #ffffff; font-variant-ligatures: normal; font-variant-caps: normal; -webkit-text-stroke-width: 0px; text-decoration-style: initial; text-decoration-color: initial;\">\u015eakir KAYA<\/span><\/strong><\/p>\n\n\n\n<p class=\"has-text-align-left\"><strong><span style=\"color: #404040; text-transform: none; text-indent: 0px; letter-spacing: normal; font-family: 'Open Sans', Tahoma, Arial; font-size: 17px; font-style: normal; word-spacing: 0px; float: none; display: inline !important; white-space: normal; orphans: 2; widows: 2; background-color: #ffffff; font-variant-ligatures: normal; font-variant-caps: normal; -webkit-text-stroke-width: 0px; text-decoration-style: initial; text-decoration-color: initial;\">Y\u00f6netim Kurulu Ba\u015fkan\u0131&nbsp;&nbsp;<\/span><\/strong><\/p>\n\n\n\n<p>1964 y\u0131l\u0131nda Afyon\u2019da do\u011fdu. \u0130lk, orta \u00f6\u011frenimini Eski\u015fehir\u2019de tamamlad\u0131. 1981 y\u0131l\u0131nda Eski\u015fehir Demiryolu Meslek Lisesi Yol B\u00f6l\u00fcm\u00fc\u2019nden mezun oldu. Anadolu \u00dcniversitesi A\u00e7\u0131k \u00d6\u011fretim Fak\u00fcltesi \u0130\u015fletme B\u00f6l\u00fcm\u00fc\u2019n\u00fc, Atat\u00fcrk \u00dcniversitesi \u0130\u015f Sa\u011fl\u0131\u011f\u0131 ve G\u00fcvenli\u011fi B\u00f6l\u00fcm\u00fc\u2019n\u00fc bitirdi. 1981 \u2013 1988 Y\u0131llar\u0131 aras\u0131 Afyon \u015eube 34 \u015eefli\u011fi\u2019nde, 1988 \u2013 1992 y\u0131llar\u0131 aras\u0131 \u015eube 31 \u015eefli\u011fi\u2019nde g\u00f6rev yapt\u0131. 1992 y\u0131l\u0131nda Manisa 361 Yol Bak\u0131m Onar\u0131m \u015eefli\u011fi\u2019nde g\u00f6reve devam etti. Ard\u0131ndan 31 Demiryolu Bak\u0131m M\u00fcd\u00fcrl\u00fc\u011f\u00fc&#8217;nde Yol Bak\u0131m M\u00fcd\u00fcr\u00fc V. olarak g\u00f6revine devam etti. TCDD 3.B\u00f6lge M\u00fcd\u00fcrl\u00fc\u011f\u00fc Demiryolu Bak\u0131m M\u00fcd\u00fcrl\u00fc\u011f\u00fc&#8217;nde Servis M\u00fcd\u00fcr Yard\u0131mc\u0131s\u0131 olarak g\u00f6revine devam etmektedir. Meslek hayat\u0131n\u0131n uzunca b\u00f6l\u00fcm\u00fc poz, eleme ve aplikasyon \u00e7al\u0131\u015fmalar\u0131nda ge\u00e7ti. Kardelen ve Gazete Yolderiz\u2019de yaz\u0131lar\u0131 yay\u0131nlanan Kaya, evli ve bir \u00e7ocuk babas\u0131d\u0131r.<\/p>\n\n\n\n<hr class=\"wp-block-separator has-alpha-channel-opacity\"\/>\n\n\n\n<p class=\"wp-caption-dd\"><\/p>\n\n\n<div class=\"wp-block-image is-style-rounded\">\n<figure class=\"alignleft is-resized\"><img loading=\"lazy\" decoding=\"async\" width=\"300\" height=\"300\" src=\"http:\/\/www.yolder.org.tr\/wp-content\/uploads\/2024\/10\/ahmetsancaksanli-300x300.jpeg\" alt=\"\" class=\"wp-image-3495\" style=\"width:224px;height:auto\" srcset=\"http:\/\/www.yolder.org.tr\/wp-content\/uploads\/2024\/10\/ahmetsancaksanli-300x300.jpeg 300w, http:\/\/www.yolder.org.tr\/wp-content\/uploads\/2024\/10\/ahmetsancaksanli-150x150.jpeg 150w, http:\/\/www.yolder.org.tr\/wp-content\/uploads\/2024\/10\/ahmetsancaksanli.jpeg 640w\" sizes=\"auto, (max-width: 300px) 100vw, 300px\" \/><\/figure>\n<\/div>\n\n\n<p><strong> <\/strong><\/p>\n\n\n\n<p><strong>Dr. Ahmet Sancak \u015eANLI<\/strong><\/p>\n\n\n\n<p><strong>Y\u00f6netim Kurulu Ba\u015fkan Yard\u0131mc\u0131s\u0131<br><\/strong>Dr. A. Sancak \u015eanl\u0131, 2022 y\u0131l\u0131ndan bu yana \u0130zmit 11 Demiryolu Bak\u0131m M\u00fcd\u00fcrl\u00fc\u011f\u00fc g\u00f6revini y\u00fcr\u00fctmektedir.<\/p>\n\n\n\n<p>Y\u0131ld\u0131z Teknik \u00dcniversitesi \u0130n\u015faat M\u00fchendisli\u011fi Hidrolik Anabilim Dal\u0131nda y\u00fcksek lisans ve doktora derecelerine sahiptir. Sakarya \u00dcniversitesi \u0130n\u015faat M\u00fchendisli\u011fi ve \u00c7evre M\u00fchendisli\u011fi B\u00f6l\u00fcmlerinden lisans mezuniyetleri bulunmaktad\u0131r. 2012-2015 Y\u0131llar\u0131 aras\u0131nda Zonguldak 24 Demiryolu Bak\u0131m M\u00fcd\u00fcrl\u00fc\u011f\u00fc\u2019nde, 2015-2022 y\u0131llar\u0131 aras\u0131nda Edirne 15 Demiryolu Bak\u0131m M\u00fcd\u00fcrl\u00fc\u011f\u00fc\u2019nde m\u00fchendis olarak g\u00f6rev yapm\u0131\u015f, bak\u0131m \u015fefli\u011fi ve m\u00fcd\u00fcrl\u00fck vek\u00e2letlerinde bulunmu\u015ftur. G\u00f6rev yapt\u0131\u011f\u0131 yerlerde yeni uygulama ve \u00e7\u00f6z\u00fcmlerin hayata ge\u00e7mesinde aktif katk\u0131da bulunmu\u015f \u00e7e\u015fitli \u00fcstyap\u0131, altyap\u0131 ve tesislere ili\u015fkin projelerde kontroll\u00fck yapm\u0131\u015ft\u0131r.<\/p>\n\n\n\n<p>Alan\u0131nda yay\u0131mlanm\u0131\u015f makale ve bildirileri bulunmakta olup,\u00a0 ayr\u0131ca \u0130SG Uzmanl\u0131\u011f\u0131 belgesi bulunmaktad\u0131r. Evli ve tek \u00e7ocuk babas\u0131d\u0131r.<\/p>\n\n\n\n<hr class=\"wp-block-separator has-alpha-channel-opacity\"\/>\n\n\n<div class=\"wp-block-image is-style-rounded\">\n<figure class=\"alignleft is-resized\"><img loading=\"lazy\" decoding=\"async\" width=\"300\" height=\"300\" src=\"http:\/\/www.yolder.org.tr\/wp-content\/uploads\/2021\/10\/EMRE-YIGIT-300x300.jpg\" alt=\"\" class=\"wp-image-3411\" style=\"width:214px;height:auto\" srcset=\"http:\/\/www.yolder.org.tr\/wp-content\/uploads\/2021\/10\/EMRE-YIGIT-300x300.jpg 300w, http:\/\/www.yolder.org.tr\/wp-content\/uploads\/2021\/10\/EMRE-YIGIT-1024x1024.jpg 1024w, http:\/\/www.yolder.org.tr\/wp-content\/uploads\/2021\/10\/EMRE-YIGIT-150x150.jpg 150w, http:\/\/www.yolder.org.tr\/wp-content\/uploads\/2021\/10\/EMRE-YIGIT-768x768.jpg 768w, http:\/\/www.yolder.org.tr\/wp-content\/uploads\/2021\/10\/EMRE-YIGIT.jpg 1085w\" sizes=\"auto, (max-width: 300px) 100vw, 300px\" \/><\/figure>\n<\/div>\n\n\n<p><strong>Emre Y\u0130\u011e\u0130T&nbsp;<\/strong><\/p>\n\n\n\n<p><strong>Sayman<\/strong><\/p>\n\n\n\n<p>12 \u015eubat 1995 y\u0131l\u0131nda Hatay, D\u00f6rtyol&#8217;da do\u011fdu. 2017 y\u0131l\u0131nda Karab\u00fck \u00dcniversitesi Rayl\u0131 Sistemler M\u00fchendisli\u011fi b\u00f6l\u00fcm\u00fcnden mezun oldu. Ayn\u0131 \u00fcniversitesinin Makine M\u00fchendisli\u011fi b\u00f6l\u00fcm\u00fcnde y\u00fcksek lisans\u0131n\u0131 tamamlad\u0131.&nbsp; 2018 y\u0131l\u0131 Mart ay\u0131 itibariyle TCDD 3.B\u00f6lge M\u00fcd\u00fcrl\u00fc\u011f\u00fc 31 Demiryolu Bak\u0131m M\u00fcd\u00fcrl\u00fc\u011f\u00fc&#8217;nde g\u00f6revine devam etmektedir.&nbsp;<\/p>\n\n\n\n<hr class=\"wp-block-separator has-alpha-channel-opacity\"\/>\n\n\n\n<p><strong>M\u00fccahit AKINCI<\/strong><\/p>\n\n\n\n<p><strong>E\u011fitim ve Sosyal \u0130\u015flerden Sorumlu Y\u00f6n. Kurulu \u00dcyesi<\/strong><\/p>\n\n\n<div class=\"wp-block-image is-style-rounded\">\n<figure class=\"alignleft size-medium is-resized\"><img loading=\"lazy\" decoding=\"async\" width=\"231\" height=\"300\" src=\"https:\/\/www.yolder.org.tr\/wp-content\/uploads\/2025\/02\/makinci-1-231x300.jpg\" alt=\"\" class=\"wp-image-3755\" style=\"width:186px;height:auto\" srcset=\"http:\/\/www.yolder.org.tr\/wp-content\/uploads\/2025\/02\/makinci-1-231x300.jpg 231w, http:\/\/www.yolder.org.tr\/wp-content\/uploads\/2025\/02\/makinci-1-787x1024.jpg 787w, http:\/\/www.yolder.org.tr\/wp-content\/uploads\/2025\/02\/makinci-1-768x999.jpg 768w, http:\/\/www.yolder.org.tr\/wp-content\/uploads\/2025\/02\/makinci-1-1180x1536.jpg 1180w, http:\/\/www.yolder.org.tr\/wp-content\/uploads\/2025\/02\/makinci-1-1574x2048.jpg 1574w, http:\/\/www.yolder.org.tr\/wp-content\/uploads\/2025\/02\/makinci-1-scaled.jpg 1967w\" sizes=\"auto, (max-width: 231px) 100vw, 231px\" \/><\/figure>\n<\/div>\n\n\n<p>1996 y\u0131l\u0131nda Konya\u2019n\u0131n Ilg\u0131n il\u00e7esinde do\u011fdu. \u0130lk ve orta\u00f6\u011fretimini Ilg\u0131n\u2019da tamamlad\u0131. 2013 y\u0131l\u0131nda Karaman\u2019da Karaman Anadolu lisesinden mezun oldu. \u00d6nlisans e\u011fitimini 2015 y\u0131l\u0131nda Atat\u00fcrk \u00dcniversitesi Rayl\u0131 Sistemler Yol Teknolojisi b\u00f6l\u00fcm\u00fcnde tamamlad\u0131. Lisans e\u011fitimini 2024 y\u0131l\u0131nda Anadolu \u00dcniversitesi Uluslararas\u0131 \u0130li\u015fkiler ve Reklamc\u0131l\u0131k b\u00f6l\u00fcm\u00fcnde tamamlad\u0131. 2015-2016 y\u0131llar\u0131 aras\u0131nda Kolin in\u015faatta Ba\u015fkentray (Sincan-Kaya\u015f) projesinde, 2016-2018 y\u0131llar\u0131 aras\u0131nda Yap\u0131 Merkezinde Konya-Karaman h\u0131zl\u0131 tren projesinde g\u00f6rev ald\u0131. 2018 y\u0131l\u0131ndan itibaren TCDD 7. B\u00f6lge M\u00fcd\u00fcrl\u00fc\u011f\u00fc 731 Yol Bak\u0131m \u015eefli\u011finde Yol S\u00fcrveyan\u0131 olarak g\u00f6rev yapmaktad\u0131r. 2018 den itibaren Yolder \u00fcyesi olan M\u00fccahit Ak\u0131nc\u0131 Gen\u00e7 Yolder faaliyet grubunun kurucular\u0131ndan olup,&nbsp; Evli ve bir \u00e7ocuk babas\u0131d\u0131r.<\/p>\n\n\n\n<hr class=\"wp-block-separator has-alpha-channel-opacity\"\/>\n\n\n\n<p><strong>Hac\u0131 Osman KORKMAZ<\/strong><\/p>\n\n\n\n<p><strong>E\u011fitim ve Sosyal \u0130\u015flerden Sorumlu Y\u00f6n. Kurulu \u00dcyesi<\/strong><\/p>\n\n\n<div class=\"wp-block-image is-style-rounded\">\n<figure class=\"alignleft size-full is-resized\"><img loading=\"lazy\" decoding=\"async\" width=\"224\" height=\"299\" src=\"http:\/\/www.yolder.org.tr\/wp-content\/uploads\/2024\/10\/haci-osman-edited.jpg\" alt=\"\" class=\"wp-image-3526\" style=\"width:178px;height:auto\"\/><\/figure>\n<\/div>\n\n\n<p>1994 Y\u0131l\u0131nda G\u00fcm\u00fc\u015fhane\/Kelkit il\u00e7esinde do\u011fdu. Erzincan Anadolu Teknik Lisesi, Rayl\u0131 Sistemler b\u00f6l\u00fcm\u00fc, Yol ve \u0130n\u015faat Teknolojileri alan\u0131ndan 2012 y\u0131l\u0131nda mezun oldu.<\/p>\n\n\n\n<p>2015 y\u0131l\u0131nda Erzincan \u00dcniversitesi Refahiye MYO Rayl\u0131 Sistemler Yol ve \u0130n\u015faat Teknolojileri B\u00f6l\u00fcm\u00fcnden,2021 y\u0131l\u0131nda Anadolu \u00dcniversitesi A\u00e7\u0131k \u00d6\u011fretim Fak\u00fcltesi Kamu Y\u00f6netimi b\u00f6l\u00fcmlerinden mezun oldu. 2018 y\u0131l\u0131nda YHT 843 Yol Bak\u0131m \u015eefli\u011fine Yol S\u00fcrveyan\u0131 olarak g\u00f6reve ba\u015flad\u0131. Daha sonra 2021 y\u0131l\u0131nda Sivas 86 Demiryolu Bak\u0131m M\u00fcd\u00fcrl\u00fc\u011f\u00fc\u2019nde Yol S\u00fcrveyan\u0131 g\u00f6reviyle hizmetine devam etti. 2022 y\u0131l\u0131 g\u00f6revde y\u00fckselme s\u0131nav\u0131nda Yol Bak\u0131m \u015eefi unvan\u0131na y\u00fckseldi.  Halen YHT 861 Yol Bak\u0131m \u015eefli\u011finde Yol Bak\u0131m \u015eefi olarak g\u00f6rev yapmaktad\u0131r. Hac\u0131 Osman KORKMAZ evli olup, 2024 y\u0131l\u0131nda d\u00fcnya evine girmi\u015ftir<\/p>\n\n\n\n<hr class=\"wp-block-separator has-alpha-channel-opacity\"\/>\n\n\n<div class=\"wp-block-image is-style-rounded\">\n<figure class=\"alignleft size-full is-resized\"><img loading=\"lazy\" decoding=\"async\" width=\"433\" height=\"537\" src=\"http:\/\/www.yolder.org.tr\/wp-content\/uploads\/2021\/10\/12322848_10153657117072850_1586234407941360297_o.jpg\" alt=\"\" class=\"wp-image-3414\" style=\"width:189px;height:auto\" srcset=\"http:\/\/www.yolder.org.tr\/wp-content\/uploads\/2021\/10\/12322848_10153657117072850_1586234407941360297_o.jpg 433w, http:\/\/www.yolder.org.tr\/wp-content\/uploads\/2021\/10\/12322848_10153657117072850_1586234407941360297_o-242x300.jpg 242w\" sizes=\"auto, (max-width: 433px) 100vw, 433px\" \/><\/figure>\n<\/div>\n\n\n<p><\/p>\n\n\n\n<p class=\"has-text-align-left\"><strong><\/strong><strong>Mesut KU\u015e\u00c7U<\/strong><\/p>\n\n\n\n<p class=\"has-text-align-left\"><strong>Y\u00f6netim Kurulu \u00dcyesi<\/strong><\/p>\n\n\n\n<p>1971 y\u0131l\u0131nda Eski\u015fehir&#8217;de do\u011fdu. \u0130lk ve orta \u00f6\u011frenimini Eski\u015fehir&#8217;de tamamlad\u0131. 1988 y\u0131l\u0131nda Eski\u015fehir Demiryolu Meslek Lisesi Yol B\u00f6l\u00fcm\u00fc&#8217;nden mezun oldu. Anadolu \u00dcniversitesi \u0130ktisat Fak\u00fcltesi \u0130ktisat B\u00f6l\u00fcm\u00fcn\u00fc bitirdi. 1988-1993 y\u0131llar\u0131 aras\u0131nda Erzurum, 45 \u015eube \u015eefli\u011finde, 1993-1994 y\u0131llar\u0131 aras\u0131nda Eski\u015fehir, 13 \u015eube \u015eefli\u011finde, 1995-1996 y\u0131l\u0131nda , Bilecik, 12 \u015eube \u015eefli\u011finde g\u00f6rev yapt\u0131.&nbsp; 1996-2000 y\u0131llar\u0131nda Edirne, 171 K\u0131s\u0131m \u015eefli\u011fi, 2000-2006 y\u0131llar\u0131 aras\u0131nda Pendik, 112 K\u0131s\u0131m \u015eefli\u011fi g\u00f6revlerinde bulundu. 2006-2013 y\u0131llar\u0131nda Halkal\u0131 16, Haydarpa\u015fa 11, U\u015fak 35 Demiryolu Bak\u0131m M\u00fcd\u00fcrl\u00fc\u011f\u00fc g\u00f6revleri yapm\u0131\u015ft\u0131r. Halen 1.B\u00f6lge M\u00fcd\u00fcrl\u00fc\u011f\u00fc  Demiryolu Bak\u0131m Servis M\u00fcd\u00fcr Yrd. g\u00f6revine devam etmektedir. Meslek hayat\u0131n\u0131n uzunca b\u00f6l\u00fcm\u00fcn\u00fc \u015fantiye ve proje \u00e7al\u0131\u015fmalar\u0131nda ge\u00e7iren Ku\u015f\u00e7u, evli ve iki \u00e7ocuk babas\u0131d\u0131r.&nbsp;<\/p>\n\n\n\n<hr class=\"wp-block-separator has-alpha-channel-opacity\"\/>\n\n\n\n<p class=\"has-text-align-center\"><\/p>\n<\/div><\/div>\n","protected":false},"excerpt":{"rendered":"<p>\u015eakir KAYA Y\u00f6netim Kurulu Ba\u015fkan\u0131&nbsp;&nbsp; 1964 y\u0131l\u0131nda Afyon\u2019da do\u011fdu. \u0130lk, orta \u00f6\u011frenimini Eski\u015fehir\u2019de tamamlad\u0131. 1981 y\u0131l\u0131nda Eski\u015fehir Demiryolu Meslek Lisesi Yol B\u00f6l\u00fcm\u00fc\u2019nden mezun oldu. Anadolu \u00dcniversitesi A\u00e7\u0131k \u00d6\u011fretim Fak\u00fcltesi \u0130\u015fletme B\u00f6l\u00fcm\u00fc\u2019n\u00fc, Atat\u00fcrk \u00dcniversitesi \u0130\u015f Sa\u011fl\u0131\u011f\u0131 ve G\u00fcvenli\u011fi B\u00f6l\u00fcm\u00fc\u2019n\u00fc bitirdi. 1981 \u2013 1988 Y\u0131llar\u0131 aras\u0131 Afyon \u015eube 34 \u015eefli\u011fi\u2019nde, 1988 \u2013 1992 y\u0131llar\u0131 aras\u0131 \u015eube 31 [&hellip;]<\/p>\n","protected":false},"author":102,"featured_media":0,"parent":8,"menu_order":1,"comment_status":"closed","ping_status":"closed","template":"","meta":{"_bbp_topic_count":0,"_bbp_reply_count":0,"_bbp_total_topic_count":0,"_bbp_total_reply_count":0,"_bbp_voice_count":0,"_bbp_anonymous_reply_count":0,"_bbp_topic_count_hidden":0,"_bbp_reply_count_hidden":0,"_bbp_forum_subforum_count":0,"ngg_post_thumbnail":0,"footnotes":""},"class_list":["post-2097","page","type-page","status-publish","hentry","eq-blocks"],"_links":{"self":[{"href":"http:\/\/www.yolder.org.tr\/index.php?rest_route=\/wp\/v2\/pages\/2097","targetHints":{"allow":["GET"]}}],"collection":[{"href":"http:\/\/www.yolder.org.tr\/index.php?rest_route=\/wp\/v2\/pages"}],"about":[{"href":"http:\/\/www.yolder.org.tr\/index.php?rest_route=\/wp\/v2\/types\/page"}],"author":[{"embeddable":true,"href":"http:\/\/www.yolder.org.tr\/index.php?rest_route=\/wp\/v2\/users\/102"}],"replies":[{"embeddable":true,"href":"http:\/\/www.yolder.org.tr\/index.php?rest_route=%2Fwp%2Fv2%2Fcomments&post=2097"}],"version-history":[{"count":42,"href":"http:\/\/www.yolder.org.tr\/index.php?rest_route=\/wp\/v2\/pages\/2097\/revisions"}],"predecessor-version":[{"id":3770,"href":"http:\/\/www.yolder.org.tr\/index.php?rest_route=\/wp\/v2\/pages\/2097\/revisions\/3770"}],"up":[{"embeddable":true,"href":"http:\/\/www.yolder.org.tr\/index.php?rest_route=\/wp\/v2\/pages\/8"}],"wp:attachment":[{"href":"http:\/\/www.yolder.org.tr\/index.php?rest_route=%2Fwp%2Fv2%2Fmedia&parent=2097"}],"curies":[{"name":"wp","href":"https:\/\/api.w.org\/{rel}","templated":true}]}}