{"id":18,"date":"2011-12-12T12:00:56","date_gmt":"2011-12-12T12:00:56","guid":{"rendered":"http:\/\/www.yolder.org.tr\/?page_id=18"},"modified":"2015-12-14T14:52:07","modified_gmt":"2015-12-14T14:52:07","slug":"etkinlikler","status":"publish","type":"page","link":"https:\/\/www.yolder.org.tr\/?page_id=18","title":{"rendered":"Etkinlikler"},"content":{"rendered":"<p><strong>DEM\u0130RYOLU YAPIM VE \u0130\u015eLET\u0130M PERSONEL\u0130 DAYANI\u015eMA VE YARDIMLA\u015eMA DERNE\u011e\u0130 (YOLDER) <\/strong><strong>ETK\u0130NL\u0130KLER\u0130<\/strong><\/p>\n<p>YOLDER\u2019in faaliyetlerinden baz\u0131lar\u0131 d\u00f6nem d\u00f6nem haz\u0131rlanan ekteki dok\u00fcmanlarda. PDF format\u0131ndaki dok\u00fcmanlar\u0131 bilgisayar\u0131n\u0131za indirebilir, g\u00f6r\u00fcnt\u00fcleyebilir, okuyabilirsiniz&#8230;<\/p>\n<p><a href=\"http:\/\/www.yolder.org.tr\/wp-content\/uploads\/2015\/10\/YOLDER-FAALIYET-RAPORU-01.pdf\">YOLDER &#8211; FAALIYET-RAPORU-01<\/a><\/p>\n<p><a href=\"http:\/\/www.yolder.org.tr\/wp-content\/uploads\/2015\/10\/YOLDER-FAALIYET-RAPORU-02.pdf\">YOLDER FAALIYET RAPORU &#8211; 02<\/a><\/p>\n<p><a href=\"http:\/\/www.yolder.org.tr\/wp-content\/uploads\/2015\/10\/YOLDER-FAALIYET-RAPORU-03.pdf\">YOLDER FAALIYET RAPORU &#8211; 03<\/a><\/p>\n<p><strong>Gazete YOLDER\u0130Z<\/strong><\/p>\n<p>YOLDER&#8217;in baz\u0131 etkinlikleri, Gazete YOLDER\u0130Z&#8217;in yay\u0131mlanan say\u0131lar\u0131nda da yer buluyor. Gazeteleri PDF\u00a0format\u0131nda\u00a0bilgisayar\u0131n\u0131za indirebilir, g\u00f6r\u00fcnt\u00fcleyebilir, okuyabilirsiniz&#8230;<\/p>\n<p><a href=\"http:\/\/www.yolder.org.tr\/wp-content\/uploads\/2013\/07\/YOLDERIZ_SAYI01.pdf\">Gazete YOLDERIZ_SAYI01<\/a><\/p>\n<p><a href=\"http:\/\/www.yolder.org.tr\/wp-content\/uploads\/2013\/07\/YOLDERIZ_SAYI02.pdf\">Gazete\u00a0YOLDERIZ_SAYI02<\/a><\/p>\n<p><a href=\"http:\/\/www.yolder.org.tr\/wp-content\/uploads\/2013\/07\/YOLDERIZ_SAYI03.pdf\">Gazete\u00a0YOLDERIZ_SAYI03<\/a><\/p>\n<p><a href=\"http:\/\/www.yolder.org.tr\/wp-content\/uploads\/2013\/06\/YOLDERIZ_SAYI04.pdf\">Gazete\u00a0YOLDERIZ_SAYI04<\/a><\/p>\n<p><a href=\"http:\/\/www.yolder.org.tr\/wp-content\/uploads\/2013\/06\/YOLDERIZ_SAYI05.pdf\">Gazete\u00a0YOLDERIZ_SAYI05<\/a><\/p>\n<p><a href=\"http:\/\/www.yolder.org.tr\/wp-content\/uploads\/2013\/11\/YOLDERIZ061.pdf\">Gazete\u00a0YOLDERIZ SAYI 06<\/a><\/p>\n<p><a href=\"http:\/\/www.yolder.org.tr\/wp-content\/uploads\/2014\/03\/YOLDERIZ_SAYI07.pdf\">Gazete\u00a0YOLDERIZ_SAYI07<\/a><\/p>\n<p><a href=\"http:\/\/www.yolder.org.tr\/wp-content\/uploads\/2014\/07\/YOLDERIZ-SAYI08.pdf\">Gazete\u00a0YOLDERIZ-SAYI08<\/a><\/p>\n<p><a href=\"http:\/\/www.yolder.org.tr\/wp-content\/uploads\/2015\/01\/YOLDERIZ-SAYI09.pdf\">Gazete\u00a0YOLDERIZ-SAYI09<\/a><\/p>\n<p><a href=\"http:\/\/www.yolder.org.tr\/wp-content\/uploads\/2015\/08\/YOLDERIZ-SAYI10.pdf\">Gazete\u00a0YOLDERIZ SAYI10<\/a><\/p>\n<p>&nbsp;<\/p>\n","protected":false},"excerpt":{"rendered":"<p>DEM\u0130RYOLU YAPIM VE \u0130\u015eLET\u0130M PERSONEL\u0130 DAYANI\u015eMA VE YARDIMLA\u015eMA DERNE\u011e\u0130 (YOLDER) ETK\u0130NL\u0130KLER\u0130 YOLDER\u2019in faaliyetlerinden baz\u0131lar\u0131 d\u00f6nem d\u00f6nem haz\u0131rlanan ekteki dok\u00fcmanlarda. PDF format\u0131ndaki dok\u00fcmanlar\u0131 bilgisayar\u0131n\u0131za indirebilir, g\u00f6r\u00fcnt\u00fcleyebilir, okuyabilirsiniz&#8230; YOLDER &#8211; FAALIYET-RAPORU-01 YOLDER FAALIYET RAPORU &#8211; 02 YOLDER FAALIYET RAPORU &#8211; 03 Gazete YOLDER\u0130Z YOLDER&#8217;in baz\u0131 etkinlikleri, Gazete YOLDER\u0130Z&#8217;in yay\u0131mlanan say\u0131lar\u0131nda da yer buluyor. Gazeteleri PDF\u00a0format\u0131nda\u00a0bilgisayar\u0131n\u0131za indirebilir, g\u00f6r\u00fcnt\u00fcleyebilir, [&hellip;]<\/p>\n","protected":false},"author":1,"featured_media":0,"parent":0,"menu_order":0,"comment_status":"closed","ping_status":"open","template":"","meta":{"_bbp_topic_count":0,"_bbp_reply_count":0,"_bbp_total_topic_count":0,"_bbp_total_reply_count":0,"_bbp_voice_count":0,"_bbp_anonymous_reply_count":0,"_bbp_topic_count_hidden":0,"_bbp_reply_count_hidden":0,"_bbp_forum_subforum_count":0,"ngg_post_thumbnail":0,"footnotes":""},"class_list":["post-18","page","type-page","status-publish","hentry","eq-blocks"],"_links":{"self":[{"href":"https:\/\/www.yolder.org.tr\/index.php?rest_route=\/wp\/v2\/pages\/18","targetHints":{"allow":["GET"]}}],"collection":[{"href":"https:\/\/www.yolder.org.tr\/index.php?rest_route=\/wp\/v2\/pages"}],"about":[{"href":"https:\/\/www.yolder.org.tr\/index.php?rest_route=\/wp\/v2\/types\/page"}],"author":[{"embeddable":true,"href":"https:\/\/www.yolder.org.tr\/index.php?rest_route=\/wp\/v2\/users\/1"}],"replies":[{"embeddable":true,"href":"https:\/\/www.yolder.org.tr\/index.php?rest_route=%2Fwp%2Fv2%2Fcomments&post=18"}],"version-history":[{"count":10,"href":"https:\/\/www.yolder.org.tr\/index.php?rest_route=\/wp\/v2\/pages\/18\/revisions"}],"predecessor-version":[{"id":2386,"href":"https:\/\/www.yolder.org.tr\/index.php?rest_route=\/wp\/v2\/pages\/18\/revisions\/2386"}],"wp:attachment":[{"href":"https:\/\/www.yolder.org.tr\/index.php?rest_route=%2Fwp%2Fv2%2Fmedia&parent=18"}],"curies":[{"name":"wp","href":"https:\/\/api.w.org\/{rel}","templated":true}]}}