{"id":1846,"date":"2015-10-22T11:56:06","date_gmt":"2015-10-22T11:56:06","guid":{"rendered":"http:\/\/www.yolder.org.tr\/?page_id=1846"},"modified":"2023-01-18T10:55:13","modified_gmt":"2023-01-18T10:55:13","slug":"kutuphane","status":"publish","type":"page","link":"https:\/\/www.yolder.org.tr\/?page_id=1846","title":{"rendered":"K\u00fct\u00fcphane"},"content":{"rendered":"<p><strong>YOLDER \u00fcyelerine \u00f6zel bilgi, belge ve dok\u00fcmanlar <\/strong><\/p>\n<p>&nbsp;<\/p>\n<p><a href=\"http:\/\/www.yolder.org.tr\/wp-content\/uploads\/2015\/10\/YOLDER-ORGAN\u0130ZASYON-EL-K\u0130TABI.pdf\">YOLDER Organizasyon El Kitab\u0131 [PDF]<\/a><\/p>\n<p><a href=\"http:\/\/www.yolder.org.tr\/wp-content\/uploads\/2015\/05\/yolder_teskilat.jpg\" target=\"_blank&quot;\" rel=\"noopener noreferrer\" data-ob=\"lightbox[1846]\">YOLDER Organizasyon \u015eemas\u0131 [JPG]<\/a><\/p>\n<p><a href=\"http:\/\/www.yolder.org.tr\/wp-content\/uploads\/2015\/10\/YOLDER-FAALIYET-RAPORU-03.pdf\">YOLDER 3. Ola\u011fan Genel Kurul&#8217;na sunulan faaliyet raporu [PDF]<\/a><\/p>\n<p><a href=\"http:\/\/www.yolder.org.tr\/wp-content\/uploads\/2015\/10\/YOLDER-FAALIYET-RAPORU-02.pdf\">YOLDER 2. Ola\u011fan Genel Kurul&#8217;na sunulan faaliyet raporu [PDF]<\/a><\/p>\n<p><a href=\"http:\/\/www.yolder.org.tr\/wp-content\/uploads\/2015\/10\/YOLDER-FAALIYET-RAPORU-01.pdf\">YOLDER 1. Ola\u011fan Genel Kurul&#8217;na sunulan faaliyet raporu [PDF]<\/a><\/p>\n<p><a href=\"http:\/\/www.yolder.org.tr\/wp-content\/uploads\/2015\/10\/02-Anayasa_2011.doc\">T\u00fcrkiye Cumhuriyeti Anyasas\u0131 [DOC]<\/a><\/p>\n<p><a href=\"http:\/\/www.yolder.org.tr\/wp-content\/uploads\/2015\/10\/01-Ataturkun_Genclige_Hitabesi.doc\">Mustafa Kemal Atat\u00fcrk&#8217;\u00fcn gen\u00e7li\u011fe hitabesi [DOC]<\/a><\/p>\n<p><a href=\"http:\/\/www.yolder.org.tr\/wp-content\/uploads\/2015\/10\/03-Istiklal_Marsi.doc\">\u0130stiklal Mar\u015f\u0131m\u0131z [DOC]<\/a><\/p>\n<p><a href=\"http:\/\/www.yolder.org.tr\/wp-content\/uploads\/2015\/10\/04-Insan-Haklari-Evrensel-Beyannamesi.doc\">\u0130nsan Haklar\u0131 Evrensel Beyannamesi [DOC]<\/a><\/p>\n<p><a href=\"http:\/\/www.yolder.org.tr\/wp-content\/uploads\/2015\/10\/Toplu_sozlesme_2014-2015.pdf\">Kamu G\u00f6revlileri Toplu S\u00f6zle\u015fmesi (2014-2015) [PDF]<\/a><\/p>\n<p><a href=\"http:\/\/www.yolder.org.tr\/wp-content\/uploads\/2015\/10\/Toplu_sozlesme_2014-2015.pdf\">Kamu G\u00f6revlileri Toplu S\u00f6zle\u015fmesi Hakem Kurulu karar\u0131 (2014-2015) [PDF]<\/a><\/p>\n<p><a href=\"http:\/\/www.yolder.org.tr\/wp-content\/uploads\/2015\/10\/Demiryolis_sozlesme.doc\">Demiryol-\u0130\u015f Sendikas\u0131 ile 25. D\u00f6nem S\u00f6zle\u015fme [DOC]<\/a><\/p>\n<p><a href=\"http:\/\/www.yolder.org.tr\/wp-content\/uploads\/2015\/10\/YOLDER-EMNIYET-YONETMELIGI.doc\">Demiryolu Emniyet Y\u00f6netmeli\u011fi [DOC]<\/a>&nbsp;<a href=\"http:\/\/www.yolder.org.tr\/wp-content\/uploads\/2015\/10\/EMNIYET_EK.pdf\">Emniyet Eki [PDF]<\/a><\/p>\n<p><a href=\"http:\/\/www.yolder.org.tr\/wp-content\/uploads\/2015\/10\/TCDD_2701_Genel_Emir.doc\">TCDD 2701 No&#8217;lu Genel Emir [DOC]<\/a><\/p>\n<p><a href=\"http:\/\/www.yolder.org.tr\/wp-content\/uploads\/2015\/10\/TCDD_Acileylem_yonerge.zip\">TCDD Acil Eylem Y\u00f6nergesi [ZIP]<\/a><\/p>\n<p><a href=\"http:\/\/www.yolder.org.tr\/wp-content\/uploads\/2015\/10\/TCDD_Bolgemuduru_gorev_yonerge.doc\">TCDD B\u00f6lge M\u00fcd\u00fcr\u00fc G\u00f6rev Y\u00f6nergesi [DOC]<\/a><\/p>\n<p><a href=\"http:\/\/www.yolder.org.tr\/wp-content\/uploads\/2015\/10\/TCDD_Gorevde_yukselme_yonet.doc\">TCDD G\u00f6revde Y\u00fckselme Y\u00f6netmeli\u011fi [DOC]<\/a><\/p>\n<p><a href=\"http:\/\/www.yolder.org.tr\/wp-content\/uploads\/2015\/10\/TCDD_Harcirah_tuzugu.doc\">TCDD Harc\u0131rah T\u00fcz\u00fc\u011f\u00fc [DOC]<\/a><\/p>\n<p><a href=\"http:\/\/www.yolder.org.tr\/wp-content\/uploads\/2015\/10\/TCDD_Hemzemin_yonet_yol.doc\">TCDD Hemzemin Y\u00f6netmeli\u011fi (Yol) [DOC]<\/a><\/p>\n<p><a href=\"http:\/\/www.yolder.org.tr\/wp-content\/uploads\/2015\/10\/TCDD_Hemzemin_yonet.doc\">TCDD Hemzemin Y\u00f6netmeli\u011fi [DOC]<\/a><\/p>\n<p><a href=\"http:\/\/www.yolder.org.tr\/wp-content\/uploads\/2015\/10\/TCDD_Hukuk_Musavir_Yonetmeligi.doc\">TCDD Hukuk M\u00fc\u015favir Y\u00f6netmeli\u011fi [DOC]<\/a><\/p>\n<p><a href=\"http:\/\/www.yolder.org.tr\/wp-content\/uploads\/2015\/10\/TCDD_Kaza_Arastirma_Yonerge.doc\">TCDD Kaza Ara\u015ft\u0131rma Y\u00f6nergesi [DOC]<\/a><\/p>\n<p><a href=\"http:\/\/www.yolder.org.tr\/wp-content\/uploads\/2015\/10\/TCDD_Konut_yonerge.doc\">TCDD Konut Y\u00f6nergesi [DOC]<\/a><\/p>\n<p><a href=\"http:\/\/www.yolder.org.tr\/wp-content\/uploads\/2015\/10\/TCDD_Kulturel_tahkimat_yonerge.doc\">TCDD K\u00fclt\u00fcrel Tahkimat Y\u00f6nergesi [DOC]<\/a><\/p>\n<p><a href=\"http:\/\/www.yolder.org.tr\/wp-content\/uploads\/2015\/10\/TCDD_Malzeme_alimdenetim_yonerge.doc\">TCDD Malzeme Al\u0131m Denetim Y\u00f6nergesi [DOC]<\/a><\/p>\n<p><a href=\"http:\/\/www.yolder.org.tr\/wp-content\/uploads\/2015\/10\/TCDD_Personel_yonetmeligi.doc\">TCDD Personel Y\u00f6netmeli\u011fi [DOC<\/a><\/p>\n<p><a href=\"http:\/\/www.yolder.org.tr\/wp-content\/uploads\/2015\/10\/TCDD_Tren_hazirlik_yonet.doc\">TCDD Tren Haz\u0131rl\u0131k Y\u00f6netmeli\u011fi [DOC]<\/a><\/p>\n<p><a href=\"http:\/\/www.yolder.org.tr\/wp-content\/uploads\/2019\/05\/SA\u011eLIK-Y\u00d6NETMEL\u0130\u011e\u0130-EK1-17-MAYIS-2019.pdf\">SA\u011eLIK Y\u00d6NETMEL\u0130\u011e\u0130 EK1 18 MAYIS 2019<\/a><\/p>\n<p><a href=\"http:\/\/www.yolder.org.tr\/wp-content\/uploads\/2015\/10\/TCDD_Tren_kumanya_yonerge.doc\">TCDD Tren Kumanya Y\u00f6nergesi [DOC]<\/a><\/p>\n<p><a href=\"http:\/\/www.yolder.org.tr\/wp-content\/uploads\/2015\/10\/TCDD_Memur_giyecek_yonerge.doc\">TCDD Memur Giyecek Y\u00f6nergesi [DOC]<\/a><\/p>\n<p>&nbsp;<\/p>\n<p>&nbsp;<\/p>\n","protected":false},"excerpt":{"rendered":"<p>YOLDER \u00fcyelerine \u00f6zel bilgi, belge ve dok\u00fcmanlar &nbsp; YOLDER Organizasyon El Kitab\u0131 [PDF] YOLDER Organizasyon \u015eemas\u0131 [JPG] YOLDER 3. Ola\u011fan Genel Kurul&#8217;na sunulan faaliyet raporu [PDF] YOLDER 2. Ola\u011fan Genel Kurul&#8217;na sunulan faaliyet raporu [PDF] YOLDER 1. Ola\u011fan Genel Kurul&#8217;na sunulan faaliyet raporu [PDF] T\u00fcrkiye Cumhuriyeti Anyasas\u0131 [DOC] Mustafa Kemal Atat\u00fcrk&#8217;\u00fcn gen\u00e7li\u011fe hitabesi [DOC] \u0130stiklal [&hellip;]<\/p>\n","protected":false},"author":1,"featured_media":0,"parent":0,"menu_order":0,"comment_status":"closed","ping_status":"closed","template":"","meta":{"_bbp_topic_count":0,"_bbp_reply_count":0,"_bbp_total_topic_count":0,"_bbp_total_reply_count":0,"_bbp_voice_count":0,"_bbp_anonymous_reply_count":0,"_bbp_topic_count_hidden":0,"_bbp_reply_count_hidden":0,"_bbp_forum_subforum_count":0,"ngg_post_thumbnail":0,"footnotes":""},"class_list":["post-1846","page","type-page","status-publish","hentry","eq-blocks"],"_links":{"self":[{"href":"https:\/\/www.yolder.org.tr\/index.php?rest_route=\/wp\/v2\/pages\/1846","targetHints":{"allow":["GET"]}}],"collection":[{"href":"https:\/\/www.yolder.org.tr\/index.php?rest_route=\/wp\/v2\/pages"}],"about":[{"href":"https:\/\/www.yolder.org.tr\/index.php?rest_route=\/wp\/v2\/types\/page"}],"author":[{"embeddable":true,"href":"https:\/\/www.yolder.org.tr\/index.php?rest_route=\/wp\/v2\/users\/1"}],"replies":[{"embeddable":true,"href":"https:\/\/www.yolder.org.tr\/index.php?rest_route=%2Fwp%2Fv2%2Fcomments&post=1846"}],"version-history":[{"count":47,"href":"https:\/\/www.yolder.org.tr\/index.php?rest_route=\/wp\/v2\/pages\/1846\/revisions"}],"predecessor-version":[{"id":3491,"href":"https:\/\/www.yolder.org.tr\/index.php?rest_route=\/wp\/v2\/pages\/1846\/revisions\/3491"}],"wp:attachment":[{"href":"https:\/\/www.yolder.org.tr\/index.php?rest_route=%2Fwp%2Fv2%2Fmedia&parent=1846"}],"curies":[{"name":"wp","href":"https:\/\/api.w.org\/{rel}","templated":true}]}}