{"id":2090,"date":"2015-11-11T17:07:11","date_gmt":"2015-11-11T17:07:11","guid":{"rendered":"http:\/\/www.yolder.org.tr\/?page_id=2090"},"modified":"2024-10-18T09:49:00","modified_gmt":"2024-10-18T09:49:00","slug":"denetim-kurulu","status":"publish","type":"page","link":"https:\/\/www.yolder.org.tr\/?page_id=2090","title":{"rendered":"Denetim Kurulu"},"content":{"rendered":"<p><strong>YOLDER Denetim Kurulu<\/strong><\/p>\n<p>Hasan YILDIZ &#8211; Denetim Kurul Ba\u015fkan\u0131<br>Sezgin SEV\u0130N\u00c7 -Denetim Kurulu \u00dcyesi<br>U\u011fur \u015eAH\u0130N &#8211;&nbsp; &nbsp; Denetim Kurulu \u00dcyesi<\/p>\n\n\n<p><\/p>\n","protected":false},"excerpt":{"rendered":"<p>YOLDER Denetim Kurulu Hasan YILDIZ &#8211; Denetim Kurul Ba\u015fkan\u0131Sezgin SEV\u0130N\u00c7 -Denetim Kurulu \u00dcyesiU\u011fur \u015eAH\u0130N &#8211;&nbsp; &nbsp; Denetim Kurulu \u00dcyesi<\/p>\n","protected":false},"author":1,"featured_media":0,"parent":8,"menu_order":2,"comment_status":"closed","ping_status":"closed","template":"","meta":{"_bbp_topic_count":0,"_bbp_reply_count":0,"_bbp_total_topic_count":0,"_bbp_total_reply_count":0,"_bbp_voice_count":0,"_bbp_anonymous_reply_count":0,"_bbp_topic_count_hidden":0,"_bbp_reply_count_hidden":0,"_bbp_forum_subforum_count":0,"ngg_post_thumbnail":0,"footnotes":""},"class_list":["post-2090","page","type-page","status-publish","hentry","eq-blocks"],"_links":{"self":[{"href":"https:\/\/www.yolder.org.tr\/index.php?rest_route=\/wp\/v2\/pages\/2090","targetHints":{"allow":["GET"]}}],"collection":[{"href":"https:\/\/www.yolder.org.tr\/index.php?rest_route=\/wp\/v2\/pages"}],"about":[{"href":"https:\/\/www.yolder.org.tr\/index.php?rest_route=\/wp\/v2\/types\/page"}],"author":[{"embeddable":true,"href":"https:\/\/www.yolder.org.tr\/index.php?rest_route=\/wp\/v2\/users\/1"}],"replies":[{"embeddable":true,"href":"https:\/\/www.yolder.org.tr\/index.php?rest_route=%2Fwp%2Fv2%2Fcomments&post=2090"}],"version-history":[{"count":5,"href":"https:\/\/www.yolder.org.tr\/index.php?rest_route=\/wp\/v2\/pages\/2090\/revisions"}],"predecessor-version":[{"id":3673,"href":"https:\/\/www.yolder.org.tr\/index.php?rest_route=\/wp\/v2\/pages\/2090\/revisions\/3673"}],"up":[{"embeddable":true,"href":"https:\/\/www.yolder.org.tr\/index.php?rest_route=\/wp\/v2\/pages\/8"}],"wp:attachment":[{"href":"https:\/\/www.yolder.org.tr\/index.php?rest_route=%2Fwp%2Fv2%2Fmedia&parent=2090"}],"curies":[{"name":"wp","href":"https:\/\/api.w.org\/{rel}","templated":true}]}}