{"id":27,"date":"2011-12-12T12:06:16","date_gmt":"2011-12-12T12:06:16","guid":{"rendered":"http:\/\/www.yolder.org.tr\/?page_id=27"},"modified":"2023-01-18T10:41:21","modified_gmt":"2023-01-18T10:41:21","slug":"iletisim","status":"publish","type":"page","link":"https:\/\/www.yolder.org.tr\/?page_id=27","title":{"rendered":"\u0130leti\u015fim"},"content":{"rendered":"<p><strong>DEM\u0130RYOLU BAKIM PERSONEL\u0130<br>DAYANI\u015eMA VE YARDIMLA\u015eMA DERNE\u011e\u0130<\/strong><\/p>\n<p>Telefon : +90-232-446 00 82<br>Fax : +90-232-446 00 82<br>Cep : +90-530-696 10 26<br>E-Posta : bilgi@yolder.org.tr &#8211; yoldergm@gmail.com<br>Adres : Alt\u0131nda\u011f Atat\u00fcrk K\u00fclt\u00fcr Merkezi Sivil Toplum Yerle\u015fkesi, Ko\u015fukavak Mh. 4169\/2 Sokak No:5 Bornova- \u0130zmir<br>Facebook: https:\/\/www.facebook.com\/yolder.merkez<br>Twitter : @YOLDERIZ<\/p>\n<p><a href=\"https:\/\/goo.gl\/maps\/BEFDGjBeVz1jQJrH8\">https:\/\/goo.gl\/maps\/BEFDGjBeVz1jQJrH8<\/a><\/p>\n\n\n<p><\/p>\n","protected":false},"excerpt":{"rendered":"<p>DEM\u0130RYOLU BAKIM PERSONEL\u0130DAYANI\u015eMA VE YARDIMLA\u015eMA DERNE\u011e\u0130 Telefon : +90-232-446 00 82Fax : +90-232-446 00 82Cep : +90-530-696 10 26E-Posta : bilgi@yolder.org.tr &#8211; yoldergm@gmail.comAdres : Alt\u0131nda\u011f Atat\u00fcrk K\u00fclt\u00fcr Merkezi Sivil Toplum Yerle\u015fkesi, Ko\u015fukavak Mh. 4169\/2 Sokak No:5 Bornova- \u0130zmirFacebook: https:\/\/www.facebook.com\/yolder.merkezTwitter : @YOLDERIZ https:\/\/goo.gl\/maps\/BEFDGjBeVz1jQJrH8<\/p>\n","protected":false},"author":1,"featured_media":0,"parent":0,"menu_order":0,"comment_status":"closed","ping_status":"open","template":"","meta":{"_bbp_topic_count":0,"_bbp_reply_count":0,"_bbp_total_topic_count":0,"_bbp_total_reply_count":0,"_bbp_voice_count":0,"_bbp_anonymous_reply_count":0,"_bbp_topic_count_hidden":0,"_bbp_reply_count_hidden":0,"_bbp_forum_subforum_count":0,"ngg_post_thumbnail":0,"footnotes":""},"class_list":["post-27","page","type-page","status-publish","hentry","eq-blocks"],"_links":{"self":[{"href":"https:\/\/www.yolder.org.tr\/index.php?rest_route=\/wp\/v2\/pages\/27","targetHints":{"allow":["GET"]}}],"collection":[{"href":"https:\/\/www.yolder.org.tr\/index.php?rest_route=\/wp\/v2\/pages"}],"about":[{"href":"https:\/\/www.yolder.org.tr\/index.php?rest_route=\/wp\/v2\/types\/page"}],"author":[{"embeddable":true,"href":"https:\/\/www.yolder.org.tr\/index.php?rest_route=\/wp\/v2\/users\/1"}],"replies":[{"embeddable":true,"href":"https:\/\/www.yolder.org.tr\/index.php?rest_route=%2Fwp%2Fv2%2Fcomments&post=27"}],"version-history":[{"count":32,"href":"https:\/\/www.yolder.org.tr\/index.php?rest_route=\/wp\/v2\/pages\/27\/revisions"}],"predecessor-version":[{"id":3449,"href":"https:\/\/www.yolder.org.tr\/index.php?rest_route=\/wp\/v2\/pages\/27\/revisions\/3449"}],"wp:attachment":[{"href":"https:\/\/www.yolder.org.tr\/index.php?rest_route=%2Fwp%2Fv2%2Fmedia&parent=27"}],"curies":[{"name":"wp","href":"https:\/\/api.w.org\/{rel}","templated":true}]}}