{"id":885,"date":"2012-12-11T17:20:31","date_gmt":"2012-12-11T17:20:31","guid":{"rendered":"http:\/\/www.yolder.org.tr\/?page_id=885"},"modified":"2018-12-03T09:20:01","modified_gmt":"2018-12-03T09:20:01","slug":"yolder-hakkinda","status":"publish","type":"page","link":"https:\/\/www.yolder.org.tr\/?page_id=885","title":{"rendered":"Hakk\u0131m\u0131zda"},"content":{"rendered":"<p><img loading=\"lazy\" decoding=\"async\" width=\"300\" height=\"300\" class=\"alignnone size-medium wp-image-3178 alignleft\" alt=\"\" src=\"http:\/\/www.yolder.org.tr\/wp-content\/uploads\/2018\/11\/YOLDER_115-300x300.png\" srcset=\"https:\/\/www.yolder.org.tr\/wp-content\/uploads\/2018\/11\/YOLDER_115-300x300.png 300w, https:\/\/www.yolder.org.tr\/wp-content\/uploads\/2018\/11\/YOLDER_115-150x150.png 150w, https:\/\/www.yolder.org.tr\/wp-content\/uploads\/2018\/11\/YOLDER_115-768x768.png 768w, https:\/\/www.yolder.org.tr\/wp-content\/uploads\/2018\/11\/YOLDER_115-1024x1024.png 1024w\" sizes=\"auto, (max-width: 300px) 100vw, 300px\" \/>Merkezi \u0130zmir\u2019de bulunan Demiryolu Bak\u0131m Personeli Dayan\u0131\u015fma ve Yard\u0131mla\u015fma Derne\u011fi (YOLDER), 29 Temmuz 2009\u2019da kurulmu\u015ftur. YOLDER, bug\u00fcn demiryollar\u0131nda hat bak\u0131m ve onar\u0131m i\u015flerinde \u00e7al\u0131\u015fan, 700\u2019\u00fc a\u015fk\u0131n \u00fcyesi bulunan bir sivil toplum kurulu\u015fudur.<\/p>\n<p><strong>Amac\u0131m\u0131z<\/strong><\/p>\n<p>YOLDER\u2019in amac\u0131, Devlet Demiryollar\u0131\u2019nda (TCDD) ve di\u011fer rayl\u0131 sistem sekt\u00f6r\u00fcnde \u00e7al\u0131\u015fan veya emekli olmu\u015f, yol yap\u0131m ve i\u015fletim personelinin t\u00fcm mesleki sorunlar\u0131yla ilgilenmek, bu konular\u0131n \u00e7\u00f6z\u00fcm yollar\u0131n\u0131n bulunmas\u0131nda \u00f6nderlik etmek, yol bak\u0131m ve i\u015fletim personeli aras\u0131ndaki bilgi al\u0131\u015fveri\u015fini, yard\u0131mla\u015fma ve dayan\u0131\u015fmay\u0131 sa\u011flamakt\u0131r.<\/p>\n<p>Dernek \u00fcyelerinin sorunlar\u0131n\u0131 ilgili makamlara iletmek, gerekti\u011finde yasal giri\u015fimlerde bulunmak ve yeni d\u00fczenlemelerin haz\u0131rlanmas\u0131na katk\u0131da bulunmak, dernek \u00fcyelerinin \u00f6zl\u00fck haklar\u0131yla ilgili iyile\u015ftirmeleri sa\u011flayacak giri\u015fimlerde bulunmak yine YOLDER\u2019in ama\u00e7lar\u0131 aras\u0131nda yer almaktad\u0131r.<\/p>\n<p>YOLDER, demiryolu yap\u0131m, bak\u0131m ve onar\u0131m i\u015flerinde g\u00f6rev yapan her seviyedeki meslek elemanlar\u0131n\u0131n \u00f6zl\u00fck, ekonomik ve sosyal haklar\u0131n\u0131n korunmas\u0131na ve geni\u015fletilmesine, mesleki geli\u015fimlerine katk\u0131 sa\u011flayarak, kar\u015f\u0131 kar\u015f\u0131ya kald\u0131klar\u0131 sorunlar\u0131n a\u015f\u0131lmas\u0131nda rehberlik ve \u00f6nderlik ederek, bilgi al\u0131\u015fveri\u015fini, yard\u0131mla\u015fma ve dayan\u0131\u015fmay\u0131 ger\u00e7ekle\u015ftirerek, mesle\u011fin y\u00fckselmesini ve \u00fcyelerinin mutlulu\u011funu artt\u0131rmay\u0131 ama\u00e7lamaktad\u0131r.<\/p>\n<p><strong>Gelece\u011fin resmi<\/strong><\/p>\n<p>YOLDER t\u0131pk\u0131 geli\u015fmi\u015f \u00fclkelerde oldu\u011fu gibi (ekonomik, sosyal ve teknik) toplumsal hayat\u0131n her alan\u0131nda hakim olan kural ve standartlar\u0131n, insan hak ve \u00f6zg\u00fcrl\u00fcklerinin \u00fclkemizde de ve kendimize \u00f6zg\u00fc demokratik kurallar\u0131n hakim k\u0131l\u0131nmas\u0131 suretiyle sa\u011fl\u0131kl\u0131 bir toplum yap\u0131s\u0131 olu\u015faca\u011f\u0131na inanmaktad\u0131r. Ancak bu yolla insan\u0131m\u0131z\u0131n daha mutlu ve toplumun daha sa\u011fl\u0131kl\u0131 olaca\u011f\u0131na inanmaktad\u0131r. Bu inanc\u0131n ger\u00e7ekle\u015fmesi yolunda bir sivil toplum kurulu\u015fu olarak \u00fczerine d\u00fc\u015fen her g\u00f6revi yerine getirmeye haz\u0131rd\u0131r.<\/p>\n<p>YOLDER, etkili bir sivil toplum kurulu\u015fu olman\u0131n gerektirdi\u011fi sorumluluklara uygun faaliyetleriyle, \u00fclkemizdeki t\u00fcm demiryolu yap\u0131m, bak\u0131m ve onar\u0131m meslek elemanlar\u0131n\u0131 kapsayan ve temsil eden, onlar\u0131n g\u00fc\u00e7l\u00fc sesi, g\u00fcvenilir yolda\u015f\u0131 olan, ulusal ve uluslararas\u0131 mesleki yetkili otoritelerin tan\u0131d\u0131\u011f\u0131, sayg\u0131 duydu\u011fu ve i\u015fbirli\u011fi yapt\u0131\u011f\u0131, mesleki alanda gelece\u011fi \u015fekillendirecek politika ve stratejilerin belirlenmesinde s\u00f6z sahibi olan \u201cgeli\u015fim merkezi\u201d olmay\u0131 hedeflemektedir.<\/p>\n<p><strong>Gelecekte nerede olmay\u0131 hedefliyoruz?<\/strong><\/p>\n<p>YOLDER, rayl\u0131 sistem sekt\u00f6r\u00fcnde \u00e7al\u0131\u015fan yol yap\u0131m ve i\u015fletim personelinin mesleki geli\u015fimlerinin sa\u011flanmas\u0131, mesleki yeterliliklerinin tan\u0131nmas\u0131 ve belgelendirilmesi ama\u00e7lar\u0131na y\u00f6nelik hizmet \u00fcretmektedir. Rayl\u0131 sistemler hat bak\u0131m ve onar\u0131m\u0131 i\u015flerinde \u00e7al\u0131\u015facak bireylerin yeti\u015ftirilmesi i\u00e7in \u00f6rg\u00fcn ve yayg\u0131n e\u011fitim programlar\u0131n\u0131n haz\u0131rlanmas\u0131 ve geli\u015ftirilmesi \u00e7al\u0131\u015fmalar\u0131na da katk\u0131 sa\u011flamaktad\u0131r.<\/p>\n<p>Derne\u011fimiz, Avrupa Yeterlilikler \u00c7er\u00e7evesi ile uyumlu olarak Demiryolu Yol Yap\u0131m, Bak\u0131m ve Onar\u0131mc\u0131s\u0131 (Seviye 3 \u2013 5 ve 6), Demiryolu Yol Kontrol G\u00f6revlisi (Seviye 4), Alim\u00fcnotermit Ray Ark Kaynak\u00e7\u0131s\u0131 ve Ray ark kaynak\u00e7\u0131s\u0131 (Seviye 4) ulusal meslek standartlar\u0131 ve yeterliliklerinin haz\u0131rlanmas\u0131 \u00e7al\u0131\u015fmalar\u0131n\u0131 sekt\u00f6rde yer alan payda\u015flar\u0131yla birlikte y\u00fcr\u00fctmektedir. Ulusal meslek standartlar\u0131 ve yeterliliklerine uygun olarak mesleki e\u011fitim ve \u00f6\u011fretim programlar\u0131n\u0131n haz\u0131rlanmas\u0131, i\u015fg\u00fcc\u00fcn\u00fcn mesleki e\u011fitimi ve yeterlili\u011finin belgelendirilmesine y\u00f6nelik olarak faaliyetlerini s\u00fcrd\u00fcrmektedir.<\/p>\n<p>Demiryolu Yol Yap\u0131m, Bak\u0131m ve Onar\u0131mc\u0131lar\u0131n\u0131n ulusal yeterlilikler \u00e7er\u00e7evesinde belgelendirilmesi ve uluslararas\u0131 d\u00fczeyde belgelerinin ge\u00e7erlili\u011finin sa\u011flanmas\u0131n\u0131 hedeflemektedir. Ayr\u0131ca, formel (\u00f6rg\u00fcn) e\u011fitim almadan demiryolu bak\u0131mc\u0131s\u0131 mesle\u011fini \u00f6\u011frenen ki\u015filere bilgi ve becerilerini belgelendirme imkan\u0131n\u0131n sa\u011flanmas\u0131na y\u00f6nelik hizmet sunmay\u0131 planlamaktad\u0131r. Bu kapsamda demiryolu yap\u0131m ve bak\u0131mc\u0131lar\u0131n\u0131n mesleki e\u011fitim ve belgelendirme sistemlerinin Avrupa Birli\u011fi boyutunda incelenmesinin \u00fclke i\u00e7indeki \u00e7al\u0131\u015fmalara b\u00fcy\u00fck katk\u0131 sa\u011flayaca\u011f\u0131 d\u00fc\u015f\u00fcn\u00fclmektedir.<br \/>\n<strong>YOLDER\u2019e kimler \u00fcye olabilir?<\/strong><\/p>\n<p>Fiil ehliyetine sahip bulunan ve derne\u011fin ama\u00e7 ve ilkelerini benimseyerek bu do\u011frultuda \u00e7al\u0131\u015fmay\u0131 kabul eden ve mevzuat\u0131n \u00f6ng\u00f6rd\u00fc\u011f\u00fc ko\u015fullar\u0131n\u0131 ta\u015f\u0131yan ve TCDD, di\u011fer rayl\u0131 sistemlerin yol yap\u0131m, bak\u0131m, onar\u0131m ve i\u015fletim hizmetleriyle bina ve tesis yap\u0131m, bak\u0131m ve onar\u0131m hizmetlerinde memur, s\u00f6zle\u015fmeli personel ve i\u015f\u00e7i stat\u00fcs\u00fcnde \u00e7al\u0131\u015fan ve emekli her ger\u00e7ek ki\u015fi bu derne\u011fe \u00fcye olma hakk\u0131na sahiptir.<\/p>\n<p>Yukar\u0131daki \u015fartlar\u0131 ta\u015f\u0131mayan ancak derne\u011fin amac\u0131na hizmet edece\u011fine Y\u00f6netim Kurulunca kanaat getirilen her ger\u00e7ek ki\u015fi, derne\u011fe fahri \u00fcye olarak kabul edilir. Fahri \u00fcyelerin se\u00e7me ve se\u00e7ilme hakk\u0131 olmad\u0131\u011f\u0131 gibi, di\u011fer y\u00fck\u00fcml\u00fcl\u00fcklere ayk\u0131r\u0131 olmamak \u015fart\u0131yla aidat \u00f6deme y\u00fck\u00fcml\u00fcl\u00fc\u011f\u00fc de yoktur.<\/p>\n<p>Dernek ba\u015fkanl\u0131\u011f\u0131na yaz\u0131l\u0131 olarak yap\u0131lacak \u00fcyelik ba\u015fvurusu, dernek y\u00f6netim kurulunca en \u00e7ok otuz g\u00fcn i\u00e7inde \u00fcyeli\u011fe kabul veya iste\u011fin reddi \u015feklinde karara ba\u011flan\u0131r ve sonu\u00e7 ba\u015fvuru sahibine bildirilir. Ba\u015fvurusu kabul edilen \u00fcye, bu ama\u00e7la tutulacak deftere kaydedilir.<br \/>\nDerne\u011fin as\u0131l \u00fcyeleri, derne\u011fin kurucular\u0131 ile m\u00fcracaatlar\u0131 \u00fczerine y\u00f6netim kurulunca \u00fcyeli\u011fe kabul edilen ki\u015filerdir.<\/p>\n<p>Derne\u011fe maddi ve manevi bak\u0131mdan \u00f6nemli destek sa\u011flam\u0131\u015f bulunanlar y\u00f6netim kurulu karar\u0131 ile onursal \u00fcye olarak kabul edilebilir.<\/p>\n<p>YOLDER Organizasyon El Kitab\u0131 [PDF]<br \/>\n<a href=\"http:\/\/www.yolder.org.tr\/wp-content\/uploads\/2015\/10\/YOLDER-ORGAN\u0130ZASYON-EL-K\u0130TABI.pdf\">YOLDER ORGAN\u0130ZASYON EL K\u0130TABI<\/a><\/p>\n<p>YOLDER Organizasyon \u015eemas\u0131 [JPG]<br \/>\n<a href=\"http:\/\/www.yolder.org.tr\/wp-content\/uploads\/2015\/05\/yolder_teskilat.jpg\" target='_blank\"' data-ob=\"lightbox[885]\">YOLDER ORGAN\u0130ZASYON \u015eEMASI<\/a><\/p>\n","protected":false},"excerpt":{"rendered":"<p>Merkezi \u0130zmir\u2019de bulunan Demiryolu Bak\u0131m Personeli Dayan\u0131\u015fma ve Yard\u0131mla\u015fma Derne\u011fi (YOLDER), 29 Temmuz 2009\u2019da kurulmu\u015ftur. YOLDER, bug\u00fcn demiryollar\u0131nda hat bak\u0131m ve onar\u0131m i\u015flerinde \u00e7al\u0131\u015fan, 700\u2019\u00fc a\u015fk\u0131n \u00fcyesi bulunan bir sivil toplum kurulu\u015fudur. Amac\u0131m\u0131z YOLDER\u2019in amac\u0131, Devlet Demiryollar\u0131\u2019nda (TCDD) ve di\u011fer rayl\u0131 sistem sekt\u00f6r\u00fcnde \u00e7al\u0131\u015fan veya emekli olmu\u015f, yol yap\u0131m ve i\u015fletim personelinin t\u00fcm mesleki sorunlar\u0131yla [&hellip;]<\/p>\n","protected":false},"author":1,"featured_media":0,"parent":0,"menu_order":0,"comment_status":"closed","ping_status":"closed","template":"","meta":{"_bbp_topic_count":0,"_bbp_reply_count":0,"_bbp_total_topic_count":0,"_bbp_total_reply_count":0,"_bbp_voice_count":0,"_bbp_anonymous_reply_count":0,"_bbp_topic_count_hidden":0,"_bbp_reply_count_hidden":0,"_bbp_forum_subforum_count":0,"ngg_post_thumbnail":0,"footnotes":""},"class_list":["post-885","page","type-page","status-publish","hentry","eq-blocks"],"_links":{"self":[{"href":"https:\/\/www.yolder.org.tr\/index.php?rest_route=\/wp\/v2\/pages\/885","targetHints":{"allow":["GET"]}}],"collection":[{"href":"https:\/\/www.yolder.org.tr\/index.php?rest_route=\/wp\/v2\/pages"}],"about":[{"href":"https:\/\/www.yolder.org.tr\/index.php?rest_route=\/wp\/v2\/types\/page"}],"author":[{"embeddable":true,"href":"https:\/\/www.yolder.org.tr\/index.php?rest_route=\/wp\/v2\/users\/1"}],"replies":[{"embeddable":true,"href":"https:\/\/www.yolder.org.tr\/index.php?rest_route=%2Fwp%2Fv2%2Fcomments&post=885"}],"version-history":[{"count":20,"href":"https:\/\/www.yolder.org.tr\/index.php?rest_route=\/wp\/v2\/pages\/885\/revisions"}],"predecessor-version":[{"id":3182,"href":"https:\/\/www.yolder.org.tr\/index.php?rest_route=\/wp\/v2\/pages\/885\/revisions\/3182"}],"wp:attachment":[{"href":"https:\/\/www.yolder.org.tr\/index.php?rest_route=%2Fwp%2Fv2%2Fmedia&parent=885"}],"curies":[{"name":"wp","href":"https:\/\/api.w.org\/{rel}","templated":true}]}}